



{"id":5481,"date":"2026-03-09T09:17:47","date_gmt":"2026-03-09T09:17:47","guid":{"rendered":"https:\/\/www.pontetour.sk\/?post_type=product&#038;p=5481"},"modified":"2026-03-09T09:28:57","modified_gmt":"2026-03-09T09:28:57","slug":"die-maurischen-juwelen-des-spanischen-andalusien-kopia","status":"publish","type":"product","link":"https:\/\/www.pontetour.sk\/de\/tour\/die-maurischen-juwelen-des-spanischen-andalusien-kopia\/","title":{"rendered":"Die maurischen Juwelen des spanischen Andalusien (K\u00f3pia)"},"content":{"rendered":"<p>DER HIT DER SAISON! <strong>09-14 Juni 2026 (Dienstag &#8211; Sonntag). <\/strong>Gute Fl\u00fcge nach\/von Bratislava! Zentral gelegene Hotels. Kleine Gruppe bis zu 15 Personen.  <\/p>\n<p>&nbsp;<\/p>\n<div class=\"formula-bar-separator-container\">\n<div class=\"formula-bar-separator\">\n<div><\/div>\n<\/div>\n<\/div>\n<div id=\"formula-bar\" class=\"formula-bar formulabar-disabled\">\n<div id=\"t-formula-bar-label\">\n<div class=\"docs-icon goog-inline-block\">\n<div class=\"docs-icon-img-container docs-icon-img docs-icon-function-20\"><\/div>\n<\/div>\n<\/div>\n<div id=\"t-formula-bar-input-container\">\n<div dir=\"ltr\">\n<div id=\"t-formula-bar-input\" spellcheck=\"false\"><\/div>\n<\/div>\n<\/div>\n<\/div>\n<div class=\"formula-bar-separator-container\">\n<div class=\"formula-bar-separator\">\n<div><\/div>\n<\/div>\n<\/div>\n<div id=\"formula-bar\" class=\"formula-bar formulabar-disabled\">\n<div id=\"t-formula-bar-label\">\n<div class=\"docs-icon goog-inline-block\"><\/div>\n<\/div>\n<\/div>\n<div id=\"formula-bar\" class=\"formula-bar formulabar-disabled\">\n<div id=\"t-formula-bar-label\">\n<div class=\"docs-icon goog-inline-block\">\n<div class=\"docs-icon-img-container docs-icon-img docs-icon-function-20\"><\/div>\n<\/div>\n<\/div>\n<div id=\"t-formula-bar-input-container\">\n<div dir=\"ltr\">\n<div id=\"t-formula-bar-input\" spellcheck=\"false\"><\/div>\n<\/div>\n<\/div>\n<\/div>\n","protected":false},"excerpt":{"rendered":"<p>DER HIT DER SAISON! 09-14 Juni 2026 (Dienstag &#8211; Sonntag). Gute Fl\u00fcge nach\/von Bratislava! Zentral gelegene Hotels. Kleine Gruppe bis zu 15 Personen. &nbsp;<\/p>\n","protected":false},"featured_media":4533,"template":"","meta":{"_acf_changed":false},"product_brand":[],"product_cat":[151,150],"product_tag":[],"class_list":{"0":"post-5481","1":"product","2":"type-product","3":"status-publish","4":"has-post-thumbnail","6":"product_cat-vip","7":"product_cat-zum-meer","9":"first","10":"instock","11":"shipping-taxable","12":"product-type-simple"},"acf":[],"yoast_head":"<!-- This site is optimized with the Yoast SEO plugin v27.4 - https:\/\/yoast.com\/product\/yoast-seo-wordpress\/ -->\n<title>Die maurischen Juwelen des spanischen Andalusien (K\u00f3pia) - Ponte tour<\/title>\n<meta name=\"description\" content=\"Sardinien - Reittour 11-15 Oktober, Sardiniens wei\u00dfe Str\u00e4nde und Pinienhaine vom Pferder\u00fccken aus. Unterkunft im Appartement, R\u00fcckflug\" \/>\n<meta name=\"robots\" content=\"index, follow, max-snippet:-1, max-image-preview:large, max-video-preview:-1\" \/>\n<link rel=\"canonical\" href=\"https:\/\/www.pontetour.sk\/de\/tour\/die-maurischen-juwelen-des-spanischen-andalusien-kopia\/\" \/>\n<meta property=\"og:locale\" content=\"de_DE\" \/>\n<meta property=\"og:type\" content=\"article\" \/>\n<meta property=\"og:title\" content=\"Die maurischen Juwelen des spanischen Andalusien (K\u00f3pia) - Ponte tour\" \/>\n<meta property=\"og:description\" content=\"Sardinien - Reittour 11-15 Oktober, Sardiniens wei\u00dfe Str\u00e4nde und Pinienhaine vom Pferder\u00fccken aus. Unterkunft im Appartement, R\u00fcckflug\" \/>\n<meta property=\"og:url\" content=\"https:\/\/www.pontetour.sk\/de\/tour\/die-maurischen-juwelen-des-spanischen-andalusien-kopia\/\" \/>\n<meta property=\"og:site_name\" content=\"Ponte tour\" \/>\n<meta property=\"article:publisher\" content=\"https:\/\/www.facebook.com\/pontetour\" \/>\n<meta property=\"article:modified_time\" content=\"2026-03-09T09:28:57+00:00\" \/>\n<meta property=\"og:image\" content=\"https:\/\/www.pontetour.sk\/wp-content\/uploads\/2025\/09\/Sevilla8-scaled.jpg\" \/>\n\t<meta property=\"og:image:width\" content=\"1709\" \/>\n\t<meta property=\"og:image:height\" content=\"2560\" \/>\n\t<meta property=\"og:image:type\" content=\"image\/jpeg\" \/>\n<meta name=\"twitter:card\" content=\"summary_large_image\" \/>\n<script type=\"application\/ld+json\" class=\"yoast-schema-graph\">{\"@context\":\"https:\\\/\\\/schema.org\",\"@graph\":[{\"@type\":\"WebPage\",\"@id\":\"https:\\\/\\\/www.pontetour.sk\\\/de\\\/tour\\\/die-maurischen-juwelen-des-spanischen-andalusien-kopia\\\/\",\"url\":\"https:\\\/\\\/www.pontetour.sk\\\/de\\\/tour\\\/die-maurischen-juwelen-des-spanischen-andalusien-kopia\\\/\",\"name\":\"Die maurischen Juwelen des spanischen Andalusien (K\u00f3pia) - Ponte tour\",\"isPartOf\":{\"@id\":\"https:\\\/\\\/www.pontetour.sk\\\/de\\\/#website\"},\"primaryImageOfPage\":{\"@id\":\"https:\\\/\\\/www.pontetour.sk\\\/de\\\/tour\\\/die-maurischen-juwelen-des-spanischen-andalusien-kopia\\\/#primaryimage\"},\"image\":{\"@id\":\"https:\\\/\\\/www.pontetour.sk\\\/de\\\/tour\\\/die-maurischen-juwelen-des-spanischen-andalusien-kopia\\\/#primaryimage\"},\"thumbnailUrl\":\"https:\\\/\\\/www.pontetour.sk\\\/wp-content\\\/uploads\\\/2025\\\/09\\\/Sevilla8-scaled.jpg\",\"datePublished\":\"2026-03-09T09:17:47+00:00\",\"dateModified\":\"2026-03-09T09:28:57+00:00\",\"description\":\"Sardinien - Reittour 11-15 Oktober, Sardiniens wei\u00dfe Str\u00e4nde und Pinienhaine vom Pferder\u00fccken aus. Unterkunft im Appartement, R\u00fcckflug\",\"breadcrumb\":{\"@id\":\"https:\\\/\\\/www.pontetour.sk\\\/de\\\/tour\\\/die-maurischen-juwelen-des-spanischen-andalusien-kopia\\\/#breadcrumb\"},\"inLanguage\":\"de\",\"potentialAction\":[{\"@type\":\"ReadAction\",\"target\":[\"https:\\\/\\\/www.pontetour.sk\\\/de\\\/tour\\\/die-maurischen-juwelen-des-spanischen-andalusien-kopia\\\/\"]}]},{\"@type\":\"ImageObject\",\"inLanguage\":\"de\",\"@id\":\"https:\\\/\\\/www.pontetour.sk\\\/de\\\/tour\\\/die-maurischen-juwelen-des-spanischen-andalusien-kopia\\\/#primaryimage\",\"url\":\"https:\\\/\\\/www.pontetour.sk\\\/wp-content\\\/uploads\\\/2025\\\/09\\\/Sevilla8-scaled.jpg\",\"contentUrl\":\"https:\\\/\\\/www.pontetour.sk\\\/wp-content\\\/uploads\\\/2025\\\/09\\\/Sevilla8-scaled.jpg\",\"width\":1709,\"height\":2560},{\"@type\":\"BreadcrumbList\",\"@id\":\"https:\\\/\\\/www.pontetour.sk\\\/de\\\/tour\\\/die-maurischen-juwelen-des-spanischen-andalusien-kopia\\\/#breadcrumb\",\"itemListElement\":[{\"@type\":\"ListItem\",\"position\":1,\"name\":\"Domovsk\u00e1 str\u00e1nka\",\"item\":\"https:\\\/\\\/www.pontetour.sk\\\/de\\\/\"},{\"@type\":\"ListItem\",\"position\":2,\"name\":\"Shop\",\"item\":\"https:\\\/\\\/www.pontetour.sk\\\/de\\\/shop\\\/\"},{\"@type\":\"ListItem\",\"position\":3,\"name\":\"Zum Meer\",\"item\":\"https:\\\/\\\/www.pontetour.sk\\\/de\\\/Eintragstyp\\\/zum-meer\\\/\"},{\"@type\":\"ListItem\",\"position\":4,\"name\":\"Die maurischen Juwelen des spanischen Andalusien (K\u00f3pia)\"}]},{\"@type\":\"WebSite\",\"@id\":\"https:\\\/\\\/www.pontetour.sk\\\/de\\\/#website\",\"url\":\"https:\\\/\\\/www.pontetour.sk\\\/de\\\/\",\"name\":\"Ponte tour\",\"description\":\"Pozn\u00e1vacie z\u00e1jazdy\",\"publisher\":{\"@id\":\"https:\\\/\\\/www.pontetour.sk\\\/de\\\/#organization\"},\"alternateName\":\"Pozn\u00e1vacie z\u00e1jazdy na mieru\",\"potentialAction\":[{\"@type\":\"SearchAction\",\"target\":{\"@type\":\"EntryPoint\",\"urlTemplate\":\"https:\\\/\\\/www.pontetour.sk\\\/de\\\/?s={search_term_string}\"},\"query-input\":{\"@type\":\"PropertyValueSpecification\",\"valueRequired\":true,\"valueName\":\"search_term_string\"}}],\"inLanguage\":\"de\"},{\"@type\":\"Organization\",\"@id\":\"https:\\\/\\\/www.pontetour.sk\\\/de\\\/#organization\",\"name\":\"Ponte tour\",\"alternateName\":\"Pozn\u00e1vacie z\u00e1jazdy na mieru\",\"url\":\"https:\\\/\\\/www.pontetour.sk\\\/de\\\/\",\"logo\":{\"@type\":\"ImageObject\",\"inLanguage\":\"de\",\"@id\":\"https:\\\/\\\/www.pontetour.sk\\\/de\\\/#\\\/schema\\\/logo\\\/image\\\/\",\"url\":\"https:\\\/\\\/www.pontetour.sk\\\/wp-content\\\/uploads\\\/2016\\\/05\\\/Nove-logo-ponte-3.jpg\",\"contentUrl\":\"https:\\\/\\\/www.pontetour.sk\\\/wp-content\\\/uploads\\\/2016\\\/05\\\/Nove-logo-ponte-3.jpg\",\"width\":466,\"height\":158,\"caption\":\"Ponte tour\"},\"image\":{\"@id\":\"https:\\\/\\\/www.pontetour.sk\\\/de\\\/#\\\/schema\\\/logo\\\/image\\\/\"},\"sameAs\":[\"https:\\\/\\\/www.facebook.com\\\/pontetour\"]}]}<\/script>\n<!-- \/ Yoast SEO plugin. -->","yoast_head_json":{"title":"Die maurischen Juwelen des spanischen Andalusien (K\u00f3pia) - Ponte tour","description":"Sardinien - Reittour 11-15 Oktober, Sardiniens wei\u00dfe Str\u00e4nde und Pinienhaine vom Pferder\u00fccken aus. Unterkunft im Appartement, R\u00fcckflug","robots":{"index":"index","follow":"follow","max-snippet":"max-snippet:-1","max-image-preview":"max-image-preview:large","max-video-preview":"max-video-preview:-1"},"canonical":"https:\/\/www.pontetour.sk\/de\/tour\/die-maurischen-juwelen-des-spanischen-andalusien-kopia\/","og_locale":"de_DE","og_type":"article","og_title":"Die maurischen Juwelen des spanischen Andalusien (K\u00f3pia) - Ponte tour","og_description":"Sardinien - Reittour 11-15 Oktober, Sardiniens wei\u00dfe Str\u00e4nde und Pinienhaine vom Pferder\u00fccken aus. Unterkunft im Appartement, R\u00fcckflug","og_url":"https:\/\/www.pontetour.sk\/de\/tour\/die-maurischen-juwelen-des-spanischen-andalusien-kopia\/","og_site_name":"Ponte tour","article_publisher":"https:\/\/www.facebook.com\/pontetour","article_modified_time":"2026-03-09T09:28:57+00:00","og_image":[{"width":1709,"height":2560,"url":"https:\/\/www.pontetour.sk\/wp-content\/uploads\/2025\/09\/Sevilla8-scaled.jpg","type":"image\/jpeg"}],"twitter_card":"summary_large_image","schema":{"@context":"https:\/\/schema.org","@graph":[{"@type":"WebPage","@id":"https:\/\/www.pontetour.sk\/de\/tour\/die-maurischen-juwelen-des-spanischen-andalusien-kopia\/","url":"https:\/\/www.pontetour.sk\/de\/tour\/die-maurischen-juwelen-des-spanischen-andalusien-kopia\/","name":"Die maurischen Juwelen des spanischen Andalusien (K\u00f3pia) - Ponte tour","isPartOf":{"@id":"https:\/\/www.pontetour.sk\/de\/#website"},"primaryImageOfPage":{"@id":"https:\/\/www.pontetour.sk\/de\/tour\/die-maurischen-juwelen-des-spanischen-andalusien-kopia\/#primaryimage"},"image":{"@id":"https:\/\/www.pontetour.sk\/de\/tour\/die-maurischen-juwelen-des-spanischen-andalusien-kopia\/#primaryimage"},"thumbnailUrl":"https:\/\/www.pontetour.sk\/wp-content\/uploads\/2025\/09\/Sevilla8-scaled.jpg","datePublished":"2026-03-09T09:17:47+00:00","dateModified":"2026-03-09T09:28:57+00:00","description":"Sardinien - Reittour 11-15 Oktober, Sardiniens wei\u00dfe Str\u00e4nde und Pinienhaine vom Pferder\u00fccken aus. Unterkunft im Appartement, R\u00fcckflug","breadcrumb":{"@id":"https:\/\/www.pontetour.sk\/de\/tour\/die-maurischen-juwelen-des-spanischen-andalusien-kopia\/#breadcrumb"},"inLanguage":"de","potentialAction":[{"@type":"ReadAction","target":["https:\/\/www.pontetour.sk\/de\/tour\/die-maurischen-juwelen-des-spanischen-andalusien-kopia\/"]}]},{"@type":"ImageObject","inLanguage":"de","@id":"https:\/\/www.pontetour.sk\/de\/tour\/die-maurischen-juwelen-des-spanischen-andalusien-kopia\/#primaryimage","url":"https:\/\/www.pontetour.sk\/wp-content\/uploads\/2025\/09\/Sevilla8-scaled.jpg","contentUrl":"https:\/\/www.pontetour.sk\/wp-content\/uploads\/2025\/09\/Sevilla8-scaled.jpg","width":1709,"height":2560},{"@type":"BreadcrumbList","@id":"https:\/\/www.pontetour.sk\/de\/tour\/die-maurischen-juwelen-des-spanischen-andalusien-kopia\/#breadcrumb","itemListElement":[{"@type":"ListItem","position":1,"name":"Domovsk\u00e1 str\u00e1nka","item":"https:\/\/www.pontetour.sk\/de\/"},{"@type":"ListItem","position":2,"name":"Shop","item":"https:\/\/www.pontetour.sk\/de\/shop\/"},{"@type":"ListItem","position":3,"name":"Zum Meer","item":"https:\/\/www.pontetour.sk\/de\/Eintragstyp\/zum-meer\/"},{"@type":"ListItem","position":4,"name":"Die maurischen Juwelen des spanischen Andalusien (K\u00f3pia)"}]},{"@type":"WebSite","@id":"https:\/\/www.pontetour.sk\/de\/#website","url":"https:\/\/www.pontetour.sk\/de\/","name":"Ponte tour","description":"Pozn\u00e1vacie z\u00e1jazdy","publisher":{"@id":"https:\/\/www.pontetour.sk\/de\/#organization"},"alternateName":"Pozn\u00e1vacie z\u00e1jazdy na mieru","potentialAction":[{"@type":"SearchAction","target":{"@type":"EntryPoint","urlTemplate":"https:\/\/www.pontetour.sk\/de\/?s={search_term_string}"},"query-input":{"@type":"PropertyValueSpecification","valueRequired":true,"valueName":"search_term_string"}}],"inLanguage":"de"},{"@type":"Organization","@id":"https:\/\/www.pontetour.sk\/de\/#organization","name":"Ponte tour","alternateName":"Pozn\u00e1vacie z\u00e1jazdy na mieru","url":"https:\/\/www.pontetour.sk\/de\/","logo":{"@type":"ImageObject","inLanguage":"de","@id":"https:\/\/www.pontetour.sk\/de\/#\/schema\/logo\/image\/","url":"https:\/\/www.pontetour.sk\/wp-content\/uploads\/2016\/05\/Nove-logo-ponte-3.jpg","contentUrl":"https:\/\/www.pontetour.sk\/wp-content\/uploads\/2016\/05\/Nove-logo-ponte-3.jpg","width":466,"height":158,"caption":"Ponte tour"},"image":{"@id":"https:\/\/www.pontetour.sk\/de\/#\/schema\/logo\/image\/"},"sameAs":["https:\/\/www.facebook.com\/pontetour"]}]}},"_links":{"self":[{"href":"https:\/\/www.pontetour.sk\/de\/wp-json\/wp\/v2\/product\/5481","targetHints":{"allow":["GET"]}}],"collection":[{"href":"https:\/\/www.pontetour.sk\/de\/wp-json\/wp\/v2\/product"}],"about":[{"href":"https:\/\/www.pontetour.sk\/de\/wp-json\/wp\/v2\/types\/product"}],"wp:featuredmedia":[{"embeddable":true,"href":"https:\/\/www.pontetour.sk\/de\/wp-json\/wp\/v2\/media\/4533"}],"wp:attachment":[{"href":"https:\/\/www.pontetour.sk\/de\/wp-json\/wp\/v2\/media?parent=5481"}],"wp:term":[{"taxonomy":"product_brand","embeddable":true,"href":"https:\/\/www.pontetour.sk\/de\/wp-json\/wp\/v2\/product_brand?post=5481"},{"taxonomy":"product_cat","embeddable":true,"href":"https:\/\/www.pontetour.sk\/de\/wp-json\/wp\/v2\/product_cat?post=5481"},{"taxonomy":"product_tag","embeddable":true,"href":"https:\/\/www.pontetour.sk\/de\/wp-json\/wp\/v2\/product_tag?post=5481"}],"curies":[{"name":"wp","href":"https:\/\/api.w.org\/{rel}","templated":true}]}}