



{"id":4319,"date":"2023-11-23T19:45:26","date_gmt":"2023-11-23T19:45:26","guid":{"rendered":"https:\/\/www.pontetour.sk\/gdpr\/"},"modified":"2026-02-11T19:36:13","modified_gmt":"2026-02-11T19:36:13","slug":"gdpr","status":"publish","type":"page","link":"https:\/\/www.pontetour.sk\/de\/gdpr\/","title":{"rendered":"GDPR"},"content":{"rendered":"\n<p>Informationen \u00fcber die Verarbeitung personenbezogener Daten<\/p>\n\n<p>Verarbeitung personenbezogener Daten von Personen, die an der Tour teilnehmen. CK informiert die im Vertrag \u00fcber die Reise genannten Personen (im Folgenden in der entsprechenden grammatikalischen Form auch als &#8222;betroffene Person&#8220; bezeichnet), dass sie gem\u00e4\u00df dem Gesetz 18\/2018 Slg. \u00fcber den Schutz personenbezogener Daten (im Folgenden auch &#8222;Gesetz&#8220; genannt) personenbezogene Daten zum Zweck der Erf\u00fcllung des Vertrags \u00fcber die Vermittlung der Reise und der vertraglichen Verpflichtungen aus dem Vertrag \u00fcber die Vermittlung der Reise verarbeitet. F\u00fcr die Verarbeitung personenbezogener Daten, die im Zusammenhang mit der Erf\u00fcllung des Reisevertrags zur Verf\u00fcgung gestellt werden, ist die CK nicht verpflichtet, eine besondere Einwilligung einzuholen. Bei Nichtbereitstellung der angeforderten personenbezogenen Daten ist es nicht m\u00f6glich, die Erf\u00fcllung der vertraglichen Verpflichtungen der CK aus dem Reisevertrag zu gew\u00e4hrleisten. Der CK verarbeitet die personenbezogenen Daten der betroffenen Personen in dem Umfang, in dem sie ihm mitgeteilt und im Reisevertrag festgehalten wurden, n\u00e4mlich: Name, Vorname, Titel, Geburtsdatum, st\u00e4ndige Anschrift oder Kontaktadresse, Angaben zum Reisedokument (Ort und Datum der Ausstellung, G\u00fcltigkeitsdatum), Staatsangeh\u00f6rigkeit, E-Mail-Adresse, Telefonnummer, Angaben zu besonderen Anforderungen (Tagegelder, Unterst\u00fctzung). Personenbezogene Daten werden von der CK auf unbestimmte Zeit zu Archivierungszwecken, f\u00fcr Marketingzwecke (Versand von Angebotskatalogen f\u00fcr die neue Saison) und zur F\u00fchrung eigener Aufzeichnungen aufbewahrt. Die betroffene Person hat das Recht, gegen die Verarbeitung sie betreffender personenbezogener Daten zum Zwecke der Direktwerbung Widerspruch einzulegen; dies gilt auch f\u00fcr das Profiling, soweit es mit solcher Direktwerbung in Verbindung steht. Widerspricht die betroffene Person der Verarbeitung personenbezogener Daten zum Zwecke der Direktwerbung, so darf die CK die personenbezogenen Daten nicht mehr zum Zwecke der Direktwerbung verarbeiten. Die betroffene Person hat das Recht, aus Gr\u00fcnden, die sich aus ihrer besonderen Situation ergeben, gegen die sie betreffende Verarbeitung personenbezogener Daten, die aufgrund von Artikel 13 Absatz 1 Buchstabe e (die Verarbeitung personenbezogener Daten ist f\u00fcr die Wahrnehmung einer Aufgabe erforderlich, die im \u00f6ffentlichen Interesse liegt oder in Aus\u00fcbung \u00f6ffentlicher Gewalt erfolgt, die dem f\u00fcr die Verarbeitung Verantwortlichen \u00fcbertragen wurde) oder Buchstabe f (die Verarbeitung personenbezogener Daten ist zur Wahrung der berechtigten Interessen des f\u00fcr die Verarbeitung Verantwortlichen oder eines Dritten erforderlich, sofern nicht die Interessen oder Rechte des f\u00fcr die Verarbeitung Verantwortlichen oder eines Dritten \u00fcberwiegen) Widerspruch einzulegen, oder wenn die Verarbeitung personenbezogener Daten f\u00fcr die Zwecke der           <\/p>\n\n<p>der betroffenen Person, die den Schutz personenbezogener Daten erfordert, insbesondere wenn es sich bei der betroffenen Person um ein Kind handelt; diese Rechtsgrundlage gilt nicht f\u00fcr die Verarbeitung personenbezogener Daten durch \u00f6ffentliche Stellen in Aus\u00fcbung ihrer Aufgaben). Gesetz Nr. 18\/2018 Slg. einschlie\u00dflich des auf diese Bestimmungen gest\u00fctzten Profilings. Die CK darf personenbezogene Daten nicht mehr verarbeiten, es sei denn, sie kann zwingende schutzw\u00fcrdige Interessen f\u00fcr die Verarbeitung personenbezogener Daten nachweisen, die die Rechte oder Interessen der betroffenen Person \u00fcberwiegen, oder Gr\u00fcnde f\u00fcr die Aus\u00fcbung eines Rechtsanspruchs geltend machen. In Bezug auf die Nutzung von Diensten der Informationsgesellschaft kann die betroffene Person ihr Widerspruchsrecht mittels automatisierter Verfahren unter Verwendung technischer Spezifikationen aus\u00fcben. Die betroffene Person hat das Recht, aus Gr\u00fcnden, die sich aus ihrer besonderen Situation ergeben, gegen die sie betreffende Verarbeitung personenbezogener Daten Widerspruch einzulegen, es sei denn, die Verarbeitung personenbezogener Daten ist zur Erf\u00fcllung einer Aufgabe erforderlich, die im \u00f6ffentlichen Interesse liegt, oder die Verarbeitung erfolgt zu wissenschaftlichen oder historischen Forschungszwecken oder zu statistischen Zwecken gem\u00e4\u00df Artikel 78 Absatz 8 des Gesetzes Nr. 18\/2018 Coll. Die CK informiert die betroffenen Personen dar\u00fcber, dass ihre personenbezogenen Daten in ein Drittland \u00fcbermittelt werden (an den im Reisevertrag angegebenen Zielort sowie an die Transportunternehmen, die den Transport zum und vom Zielort durchf\u00fchren). Diese \u00dcbermittlung ist f\u00fcr die Erf\u00fcllung des Reisevertrags zwischen der betroffenen Person und der CK sowie f\u00fcr die Durchf\u00fchrung vorvertraglicher Ma\u00dfnahmen erforderlich. Rechte der an der Reise teilnehmenden Personen in Bezug auf die Verarbeitung ihrer personenbezogenen Daten. Jede betroffene Person hat das Recht, vom CK eine Best\u00e4tigung dar\u00fcber zu erhalten, ob sie betreffende personenbezogene Daten verarbeitet werden. Wenn solche personenbezogenen Daten von der CK verarbeitet werden, hat die betroffene Person das Recht, Zugang zu diesen personenbezogenen Daten und Informationen zu erhalten \u00fcber: den Zweck der Verarbeitung der personenbezogenen Daten; die Kategorie der verarbeiteten personenbezogenen Daten; die Identifizierung des Empf\u00e4ngers oder der Kategorie von Empf\u00e4ngern, an die die personenbezogenen Daten weitergegeben wurden oder werden sollen, insbesondere eines Empf\u00e4ngers in einem Drittland oder einer internationalen Organisation, falls zutreffend; die Dauer der Aufbewahrung der personenbezogenen Daten; falls dies nicht m\u00f6glich ist, Informationen \u00fcber die Kriterien f\u00fcr ihre Festlegung; das Recht, von der CK die Berichtigung, L\u00f6schung oder Einschr\u00e4nkung der Verarbeitung der personenbezogenen Daten der betroffenen Person zu verlangen oder das Recht, gegen die Verarbeitung personenbezogener Daten Widerspruch einzulegen; das Recht, eine Klage zum Schutz personenbezogener Daten zu erheben (gem\u00e4\u00df Artikel 100 des Gesetzes Nr. 18\/2018 Coll.); die Quelle der personenbezogenen Daten, wenn<\/p>\n\n<p>personenbezogene Daten nicht von der betroffenen Person eingeholt wurden; das Vorliegen einer automatisierten individuellen Entscheidungsfindung, einschlie\u00dflich Profiling gem\u00e4\u00df Artikel 28 Absatz 1 und 4 des Gesetzes Nr. 18\/2018 Slg.; in diesen F\u00e4llen informiert die CK die betroffene Person insbesondere \u00fcber das angewandte Verfahren sowie \u00fcber die Bedeutung und die voraussichtlichen Folgen einer solchen Verarbeitung personenbezogener Daten f\u00fcr die betroffene Person. Die betroffene Person hat das Recht, von der CK \u00fcber die angemessenen Garantien f\u00fcr die \u00dcbermittlung ihrer personenbezogenen Daten in ein Drittland oder an eine internationale Organisation informiert zu werden. Die CK ist verpflichtet, der betroffenen Person die von ihr verarbeiteten personenbezogenen Daten zur Verf\u00fcgung zu stellen. F\u00fcr die wiederholte Bereitstellung der von der betroffenen Person angeforderten personenbezogenen Daten kann der CK eine angemessene Geb\u00fchr erheben, die den Verwaltungskosten entspricht. Die CK ist verpflichtet, der betroffenen Person die personenbezogenen Daten in der von der betroffenen Person gew\u00fcnschten Weise zur Verf\u00fcgung zu stellen. Die betroffene Person hat das Recht, unzutreffende personenbezogene Daten, die sie betreffen, unverz\u00fcglich von der CK berichtigen zu lassen. Im Hinblick auf den Zweck der Verarbeitung personenbezogener Daten hat die betroffene Person das Recht, unvollst\u00e4ndige personenbezogene Daten vervollst\u00e4ndigen zu lassen. Die betroffene Person hat das Recht, dass die sie betreffenden personenbezogenen Daten von der CK unverz\u00fcglich gel\u00f6scht werden. Die CK ist verpflichtet, die personenbezogenen Daten unverz\u00fcglich zu l\u00f6schen, wenn die betroffene Person von ihrem Recht auf L\u00f6schung gem\u00e4\u00df dem vorstehenden Satz Gebrauch gemacht hat, sofern die Voraussetzungen f\u00fcr eine solche L\u00f6schung gem\u00e4\u00df \u00a7 23 Abs. 2 und 4 des Gesetzes Nr. 18\/2018 Slg. ebenfalls erf\u00fcllt sind. Die betroffene Person hat das Recht, die Verarbeitung personenbezogener Daten durch die CK einschr\u00e4nken zu lassen, wenn a) die betroffene Person w\u00e4hrend des Zeitraums, der es der CK erm\u00f6glicht, die Richtigkeit der personenbezogenen Daten zu \u00fcberpr\u00fcfen, Einw\u00e4nde gegen die Richtigkeit der personenbezogenen Daten erhebt, b) die Verarbeitung der personenbezogenen Daten unrechtm\u00e4\u00dfig ist und die betroffene Person gegen die L\u00f6schung der personenbezogenen Daten Einspruch erhebt und stattdessen die Einschr\u00e4nkung ihrer Verwendung verlangt, c) die CK die personenbezogenen Daten f\u00fcr den Zweck der Verarbeitung der personenbezogenen Daten nicht mehr ben\u00f6tigt, die betroffene Person sie jedoch f\u00fcr die Aus\u00fcbung eines Rechtsanspruchs ben\u00f6tigt, oder d) die betroffene Person gegen die Verarbeitung der personenbezogenen Daten gem\u00e4\u00df \u00a7 27 Absatz 1 Artikel 2 des Gesetzes 18\/2018 Coll. bis gepr\u00fcft wurde, ob die berechtigten Gr\u00fcnde seitens der CK die berechtigten Gr\u00fcnde der betroffenen Person \u00fcberwiegen.                 <\/p>\n\n<p>Wenn die Verarbeitung personenbezogener Daten gem\u00e4\u00df dem vorstehenden Absatz eingeschr\u00e4nkt wurde, darf die CK die personenbezogenen Daten neben der Speicherung nur mit Einwilligung der betroffenen Person oder zur Geltendmachung eines Rechtsanspruchs, zum Schutz von Personen oder aus Gr\u00fcnden des \u00f6ffentlichen Interesses verarbeiten. Die betroffene Person, deren Verarbeitung personenbezogener Daten auf diese Weise eingeschr\u00e4nkt wird, muss von der CK informiert werden, bevor die Einschr\u00e4nkung der Verarbeitung personenbezogener Daten aufgehoben wird. Die betroffene Person hat das Recht, die sie betreffenden personenbezogenen Daten, die von der CK bereitgestellt wurden, in einem strukturierten, g\u00e4ngigen und maschinenlesbaren Format zu erhalten, und sie hat das Recht, diese personenbezogenen Daten einem anderen Verantwortlichen (CK) zu \u00fcbermitteln, sofern dies technisch machbar ist und die personenbezogenen Daten gem\u00e4\u00df Art. 1 Lit. (a), \u00a7 16 Absatz. 2 Lit. (a) oder \u00a7 13 Abs. 1 Lit. b) des Gesetzes Nr. 18\/2018 Slg. und die Verarbeitung personenbezogener Daten erfolgt mit automatisierten Mitteln. Die betroffene Person hat das Recht, nicht einer Entscheidung unterworfen zu werden, die ausschlie\u00dflich auf einer automatisierten Verarbeitung personenbezogener Daten &#8211; einschlie\u00dflich Profiling &#8211; beruht und die ihr gegen\u00fcber rechtliche Wirkung entfaltet oder sie in \u00e4hnlicher Weise erheblich beeintr\u00e4chtigt. Der vorstehende Satz gilt nicht, wenn (a) die Entscheidung f\u00fcr den Abschluss eines Vertrags oder die Erf\u00fcllung eines Vertrags zwischen der betreffenden Person und CK erforderlich ist, (b) auf der Grundlage einer speziellen Verordnung oder eines internationalen Vertrags erfolgt, an die bzw. den die Slowakische Republik gebunden ist und die bzw. der auch geeignete Ma\u00dfnahmen zur Wahrung der Rechte und berechtigten Interessen der betroffenen Person vorsieht, oder (c) auf der Grundlage der ausdr\u00fccklichen Zustimmung der betroffenen Person. Die CK ist verpflichtet, die betroffene Person unverz\u00fcglich \u00fcber eine Verletzung des Schutzes personenbezogener Daten zu benachrichtigen, wenn eine solche Verletzung der personenbezogenen Daten zu einem hohen Risiko f\u00fcr die Rechte der nat\u00fcrlichen Person f\u00fchren kann. Die Benachrichtigung nach dem vorstehenden Satz muss eine klare und einfach formulierte Beschreibung der Art der Verletzung des Schutzes personenbezogener Daten und Angaben zu den Kontaktdaten der verantwortlichen Person oder einer anderen Kontaktstelle, bei der weitere Informationen eingeholt werden k\u00f6nnen, enthalten; eine Beschreibung der wahrscheinlichen Folgen der Verletzung des Schutzes personenbezogener Daten; eine Beschreibung der vom VU ergriffenen oder vorgeschlagenen Ma\u00dfnahmen zur Behebung der Verletzung des Schutzes personenbezogener Daten, einschlie\u00dflich, falls erforderlich, Ma\u00dfnahmen zur Abmilderung ihrer m\u00f6glichen negativen Auswirkungen.<\/p>\n\n<p>Die Benachrichtigung nach dem vorstehenden Absatz erfolgt nicht durch das VU, wenn a) das VU geeignete technische und organisatorische Schutzma\u00dfnahmen ergriffen und auf die personenbezogenen Daten, auf die sich die Verletzung des Schutzes personenbezogener Daten bezieht, angewandt hat, insbesondere Verschl\u00fcsselung oder andere Ma\u00dfnahmen, die die personenbezogenen Daten f\u00fcr Personen, die nicht zum Zugang zu ihnen berechtigt sind, unlesbar machen, b) das VU nachtr\u00e4glich Ma\u00dfnahmen ergriffen hat, die ein hohes Risiko einer Verletzung der Rechte der betroffenen Person sicherstellen, c) sie einen unverh\u00e4ltnism\u00e4\u00dfigen Aufwand erfordern w\u00fcrde; das VU ist verpflichtet, die \u00d6ffentlichkeit zu informieren oder andere Ma\u00dfnahmen zu ergreifen, um sicherzustellen, dass die betroffene Person auf ebenso wirksame Weise informiert wird. Die betroffene Person hat das Recht, ihre Einwilligung zur Verarbeitung der sie betreffenden personenbezogenen Daten (sofern eine solche Einwilligung erteilt wurde) jederzeit zu widerrufen. Der Widerruf der Einwilligung ber\u00fchrt nicht die Rechtm\u00e4\u00dfigkeit der Verarbeitung personenbezogener Daten, die auf der Einwilligung vor deren Widerruf beruht; die betroffene Person wird vor der Erteilung der Einwilligung \u00fcber diesen Umstand informiert. Die betroffene Person kann ihre Einwilligung auf die gleiche Weise widerrufen, wie sie sie erteilt hat. In F\u00e4llen, in denen eine andere Person (Familienmitglied, gesetzlicher Vertreter, bevollm\u00e4chtigte Person usw.) den Vertrag im Namen anderer Passagiere abgeschlossen hat, ist die CK verpflichtet, der betroffenen Person Auskunft \u00fcber die Quelle der personenbezogenen Daten zu erteilen oder dar\u00fcber, ob diese aus \u00f6ffentlich zug\u00e4nglichen Quellen stammen. Der CK informiert die betroffene Person innerhalb eines Monats nach Eingang des Antrags \u00fcber die Ma\u00dfnahmen, die aufgrund ihres Antrags gem\u00e4\u00df den Punkten 1. bis 10. der vorstehenden Abs\u00e4tze getroffen wurden. Die oben genannte Frist kann in begr\u00fcndeten F\u00e4llen, auch wiederholt, um weitere zwei Monate verl\u00e4ngert werden, wobei die Komplexit\u00e4t und die Anzahl der Anfragen zu ber\u00fccksichtigen sind. Die CK unterrichtet die betroffene Person innerhalb eines Monats nach Eingang des Antrags \u00fcber eine solche Verl\u00e4ngerung und gibt die Gr\u00fcnde daf\u00fcr an. Hat die betroffene Person den Antrag in elektronischer Form gestellt, stellt das VU die Informationen in elektronischer Form zur Verf\u00fcgung, es sei denn, die betroffene Person hat um eine andere Form der Bereitstellung der Informationen gebeten. Identifikationsdaten des CK als Verantwortlicher des Informationssystems f\u00fcr personenbezogene Daten Ponte Tour, s.r.o. Toplianska 2, 82107, Bratislava              <\/p>\n\n<p>ID: 48053589<br\/>Eingetragen: OR OS Bratislava I, od. SRO insert no.: 102934\/B<br\/>Kontaktdaten der verantwortlichen Person<br\/>Nach dem Gesetz ist es f\u00fcr die CK nicht zwingend erforderlich, eine benannte Person zu haben.<br\/>Der Empf\u00e4nger Ihrer pers\u00f6nlichen Daten ist<br\/>Ponte Tour, s.r.o.<br\/>Toplianska 2, 82107, Bratislava<br\/>ID-Nr.: 48053589<br\/>Registriert: OR OS Bratislava I, od. SRO einf\u00fcgen Nr.: 102934\/B<\/p>\n","protected":false},"excerpt":{"rendered":"<p>Informationen \u00fcber die Verarbeitung personenbezogener Daten Verarbeitung personenbezogener Daten von Personen, die an der Tour teilnehmen. CK informiert die im Vertrag \u00fcber die Reise genannten Personen (im Folgenden in der entsprechenden grammatikalischen Form auch als &#8222;betroffene Person&#8220; bezeichnet), dass sie gem\u00e4\u00df dem Gesetz 18\/2018 Slg. \u00fcber den Schutz personenbezogener Daten (im Folgenden auch &#8222;Gesetz&#8220; genannt) [&hellip;]<\/p>\n","protected":false},"author":1,"featured_media":0,"parent":0,"menu_order":0,"comment_status":"closed","ping_status":"closed","template":"","meta":{"_acf_changed":false,"footnotes":""},"class_list":["post-4319","page","type-page","status-publish","hentry"],"acf":[],"yoast_head":"<!-- This site is optimized with the Yoast SEO plugin v27.4 - https:\/\/yoast.com\/product\/yoast-seo-wordpress\/ -->\n<title>GDPR - Ponte tour<\/title>\n<meta name=\"robots\" content=\"noindex, nofollow\" \/>\n<meta property=\"og:locale\" content=\"de_DE\" \/>\n<meta property=\"og:type\" content=\"article\" \/>\n<meta property=\"og:title\" content=\"GDPR - Ponte tour\" \/>\n<meta property=\"og:description\" content=\"Informationen \u00fcber die Verarbeitung personenbezogener Daten Verarbeitung personenbezogener Daten von Personen, die an der Tour teilnehmen. CK informiert die im Vertrag \u00fcber die Reise genannten Personen (im Folgenden in der entsprechenden grammatikalischen Form auch als &#8222;betroffene Person&#8220; bezeichnet), dass sie gem\u00e4\u00df dem Gesetz 18\/2018 Slg. \u00fcber den Schutz personenbezogener Daten (im Folgenden auch &#8222;Gesetz&#8220; genannt) [&hellip;]\" \/>\n<meta property=\"og:url\" content=\"https:\/\/www.pontetour.sk\/de\/gdpr\/\" \/>\n<meta property=\"og:site_name\" content=\"Ponte tour\" \/>\n<meta property=\"article:publisher\" content=\"https:\/\/www.facebook.com\/pontetour\" \/>\n<meta property=\"article:modified_time\" content=\"2026-02-11T19:36:13+00:00\" \/>\n<meta property=\"og:image\" content=\"https:\/\/www.pontetour.sk\/wp-content\/uploads\/2023\/11\/Ponte_blank.jpg\" \/>\n\t<meta property=\"og:image:width\" content=\"1201\" \/>\n\t<meta property=\"og:image:height\" content=\"1033\" \/>\n\t<meta property=\"og:image:type\" content=\"image\/jpeg\" \/>\n<meta name=\"twitter:card\" content=\"summary_large_image\" \/>\n<script type=\"application\/ld+json\" class=\"yoast-schema-graph\">{\"@context\":\"https:\\\/\\\/schema.org\",\"@graph\":[{\"@type\":\"WebPage\",\"@id\":\"https:\\\/\\\/www.pontetour.sk\\\/de\\\/gdpr\\\/\",\"url\":\"https:\\\/\\\/www.pontetour.sk\\\/de\\\/gdpr\\\/\",\"name\":\"GDPR - Ponte tour\",\"isPartOf\":{\"@id\":\"https:\\\/\\\/www.pontetour.sk\\\/de\\\/#website\"},\"datePublished\":\"2023-11-23T19:45:26+00:00\",\"dateModified\":\"2026-02-11T19:36:13+00:00\",\"breadcrumb\":{\"@id\":\"https:\\\/\\\/www.pontetour.sk\\\/de\\\/gdpr\\\/#breadcrumb\"},\"inLanguage\":\"de\",\"potentialAction\":[{\"@type\":\"ReadAction\",\"target\":[\"https:\\\/\\\/www.pontetour.sk\\\/de\\\/gdpr\\\/\"]}]},{\"@type\":\"BreadcrumbList\",\"@id\":\"https:\\\/\\\/www.pontetour.sk\\\/de\\\/gdpr\\\/#breadcrumb\",\"itemListElement\":[{\"@type\":\"ListItem\",\"position\":1,\"name\":\"Domovsk\u00e1 str\u00e1nka\",\"item\":\"https:\\\/\\\/www.pontetour.sk\\\/de\\\/\"},{\"@type\":\"ListItem\",\"position\":2,\"name\":\"GDPR\"}]},{\"@type\":\"WebSite\",\"@id\":\"https:\\\/\\\/www.pontetour.sk\\\/de\\\/#website\",\"url\":\"https:\\\/\\\/www.pontetour.sk\\\/de\\\/\",\"name\":\"Ponte tour\",\"description\":\"Pozn\u00e1vacie z\u00e1jazdy\",\"publisher\":{\"@id\":\"https:\\\/\\\/www.pontetour.sk\\\/de\\\/#organization\"},\"alternateName\":\"Pozn\u00e1vacie z\u00e1jazdy na mieru\",\"potentialAction\":[{\"@type\":\"SearchAction\",\"target\":{\"@type\":\"EntryPoint\",\"urlTemplate\":\"https:\\\/\\\/www.pontetour.sk\\\/de\\\/?s={search_term_string}\"},\"query-input\":{\"@type\":\"PropertyValueSpecification\",\"valueRequired\":true,\"valueName\":\"search_term_string\"}}],\"inLanguage\":\"de\"},{\"@type\":\"Organization\",\"@id\":\"https:\\\/\\\/www.pontetour.sk\\\/de\\\/#organization\",\"name\":\"Ponte tour\",\"alternateName\":\"Pozn\u00e1vacie z\u00e1jazdy na mieru\",\"url\":\"https:\\\/\\\/www.pontetour.sk\\\/de\\\/\",\"logo\":{\"@type\":\"ImageObject\",\"inLanguage\":\"de\",\"@id\":\"https:\\\/\\\/www.pontetour.sk\\\/de\\\/#\\\/schema\\\/logo\\\/image\\\/\",\"url\":\"https:\\\/\\\/www.pontetour.sk\\\/wp-content\\\/uploads\\\/2016\\\/05\\\/Nove-logo-ponte-3.jpg\",\"contentUrl\":\"https:\\\/\\\/www.pontetour.sk\\\/wp-content\\\/uploads\\\/2016\\\/05\\\/Nove-logo-ponte-3.jpg\",\"width\":466,\"height\":158,\"caption\":\"Ponte tour\"},\"image\":{\"@id\":\"https:\\\/\\\/www.pontetour.sk\\\/de\\\/#\\\/schema\\\/logo\\\/image\\\/\"},\"sameAs\":[\"https:\\\/\\\/www.facebook.com\\\/pontetour\"]}]}<\/script>\n<!-- \/ Yoast SEO plugin. -->","yoast_head_json":{"title":"GDPR - Ponte tour","robots":{"index":"noindex","follow":"nofollow"},"og_locale":"de_DE","og_type":"article","og_title":"GDPR - Ponte tour","og_description":"Informationen \u00fcber die Verarbeitung personenbezogener Daten Verarbeitung personenbezogener Daten von Personen, die an der Tour teilnehmen. CK informiert die im Vertrag \u00fcber die Reise genannten Personen (im Folgenden in der entsprechenden grammatikalischen Form auch als &#8222;betroffene Person&#8220; bezeichnet), dass sie gem\u00e4\u00df dem Gesetz 18\/2018 Slg. \u00fcber den Schutz personenbezogener Daten (im Folgenden auch &#8222;Gesetz&#8220; genannt) [&hellip;]","og_url":"https:\/\/www.pontetour.sk\/de\/gdpr\/","og_site_name":"Ponte tour","article_publisher":"https:\/\/www.facebook.com\/pontetour","article_modified_time":"2026-02-11T19:36:13+00:00","og_image":[{"width":1201,"height":1033,"url":"https:\/\/www.pontetour.sk\/wp-content\/uploads\/2023\/11\/Ponte_blank.jpg","type":"image\/jpeg"}],"twitter_card":"summary_large_image","schema":{"@context":"https:\/\/schema.org","@graph":[{"@type":"WebPage","@id":"https:\/\/www.pontetour.sk\/de\/gdpr\/","url":"https:\/\/www.pontetour.sk\/de\/gdpr\/","name":"GDPR - Ponte tour","isPartOf":{"@id":"https:\/\/www.pontetour.sk\/de\/#website"},"datePublished":"2023-11-23T19:45:26+00:00","dateModified":"2026-02-11T19:36:13+00:00","breadcrumb":{"@id":"https:\/\/www.pontetour.sk\/de\/gdpr\/#breadcrumb"},"inLanguage":"de","potentialAction":[{"@type":"ReadAction","target":["https:\/\/www.pontetour.sk\/de\/gdpr\/"]}]},{"@type":"BreadcrumbList","@id":"https:\/\/www.pontetour.sk\/de\/gdpr\/#breadcrumb","itemListElement":[{"@type":"ListItem","position":1,"name":"Domovsk\u00e1 str\u00e1nka","item":"https:\/\/www.pontetour.sk\/de\/"},{"@type":"ListItem","position":2,"name":"GDPR"}]},{"@type":"WebSite","@id":"https:\/\/www.pontetour.sk\/de\/#website","url":"https:\/\/www.pontetour.sk\/de\/","name":"Ponte tour","description":"Pozn\u00e1vacie z\u00e1jazdy","publisher":{"@id":"https:\/\/www.pontetour.sk\/de\/#organization"},"alternateName":"Pozn\u00e1vacie z\u00e1jazdy na mieru","potentialAction":[{"@type":"SearchAction","target":{"@type":"EntryPoint","urlTemplate":"https:\/\/www.pontetour.sk\/de\/?s={search_term_string}"},"query-input":{"@type":"PropertyValueSpecification","valueRequired":true,"valueName":"search_term_string"}}],"inLanguage":"de"},{"@type":"Organization","@id":"https:\/\/www.pontetour.sk\/de\/#organization","name":"Ponte tour","alternateName":"Pozn\u00e1vacie z\u00e1jazdy na mieru","url":"https:\/\/www.pontetour.sk\/de\/","logo":{"@type":"ImageObject","inLanguage":"de","@id":"https:\/\/www.pontetour.sk\/de\/#\/schema\/logo\/image\/","url":"https:\/\/www.pontetour.sk\/wp-content\/uploads\/2016\/05\/Nove-logo-ponte-3.jpg","contentUrl":"https:\/\/www.pontetour.sk\/wp-content\/uploads\/2016\/05\/Nove-logo-ponte-3.jpg","width":466,"height":158,"caption":"Ponte tour"},"image":{"@id":"https:\/\/www.pontetour.sk\/de\/#\/schema\/logo\/image\/"},"sameAs":["https:\/\/www.facebook.com\/pontetour"]}]}},"_links":{"self":[{"href":"https:\/\/www.pontetour.sk\/de\/wp-json\/wp\/v2\/pages\/4319","targetHints":{"allow":["GET"]}}],"collection":[{"href":"https:\/\/www.pontetour.sk\/de\/wp-json\/wp\/v2\/pages"}],"about":[{"href":"https:\/\/www.pontetour.sk\/de\/wp-json\/wp\/v2\/types\/page"}],"author":[{"embeddable":true,"href":"https:\/\/www.pontetour.sk\/de\/wp-json\/wp\/v2\/users\/1"}],"replies":[{"embeddable":true,"href":"https:\/\/www.pontetour.sk\/de\/wp-json\/wp\/v2\/comments?post=4319"}],"version-history":[{"count":2,"href":"https:\/\/www.pontetour.sk\/de\/wp-json\/wp\/v2\/pages\/4319\/revisions"}],"predecessor-version":[{"id":5414,"href":"https:\/\/www.pontetour.sk\/de\/wp-json\/wp\/v2\/pages\/4319\/revisions\/5414"}],"wp:attachment":[{"href":"https:\/\/www.pontetour.sk\/de\/wp-json\/wp\/v2\/media?parent=4319"}],"curies":[{"name":"wp","href":"https:\/\/api.w.org\/{rel}","templated":true}]}}