



{"id":4287,"date":"2023-11-23T18:55:36","date_gmt":"2023-11-23T18:55:36","guid":{"rendered":"https:\/\/www.pontetour.sk\/bedingungen-und-konditionen-fuer-schulgruppen\/"},"modified":"2026-02-11T19:36:18","modified_gmt":"2026-02-11T19:36:18","slug":"bedingungen-und-konditionen-fuer-schulgruppen","status":"publish","type":"page","link":"https:\/\/www.pontetour.sk\/de\/bedingungen-und-konditionen-fuer-schulgruppen\/","title":{"rendered":"Bedingungen und Konditionen f\u00fcr Schulgruppen"},"content":{"rendered":"\n<p>Allgemeine Gesch\u00e4ftsbedingungen Ponte tour s.r.o.<\/p>\n\n<p>I. Einf\u00fchrung<\/p>\n\n<ol class=\"wp-block-list\">\n<li>Das Vertragsverh\u00e4ltnis zwischen dem Kunden und Ponte tour s.r.o. (im Folgenden als &#8222;Vermittler&#8220; bezeichnet) wird durch diese Allgemeinen Gesch\u00e4ftsbedingungen geregelt. Das Vertragsverh\u00e4ltnis zwischen dem Kunden und dem Vermittler kommt durch die Unterzeichnung und anschlie\u00dfende \u00dcbermittlung des verbindlichen Original-Antragsformulars, das als Vertrag gilt (im Folgenden &#8222;Vertrag&#8220; genannt), an den Gesch\u00e4ftssitz des Vermittlers zustande. Diese Allgemeinen Gesch\u00e4ftsbedingungen sind integraler Bestandteil des Vertrags. Der Vertrag wird im Namen des Minderj\u00e4hrigen von seinem gesetzlichen Vertreter unterzeichnet.   <\/li>\n\n\n\n<li>Sofern im Vertrag nicht anders vereinbart, gelten die Bestimmungen dieser Allgemeinen Gesch\u00e4ftsbedingungen.<\/li>\n<\/ol>\n\n<p>II. Preis des Aufenthalts <\/p>\n\n<ol class=\"wp-block-list\">\n<li>Der Preis f\u00fcr den Aufenthalt und eventuelle Zusatzleistungen ist im Vertrag festgelegt. Die in gedruckten Werbematerialien und auf www.wedo.sk genannten Preise dienen nur zur Information und sind nicht verbindlich.  2. Der Vermittler beh\u00e4lt sich das Recht vor, bei unvorhergesehenen \u00c4nderungen der geplanten Ausgaben (z.B. \u00c4nderungen des Wechselkurses, Erh\u00f6hung der Treibstoffpreise) den Preis des Aufenthalts um maximal 5% zu erh\u00f6hen, ohne dass der Kunde die Reise stornieren muss. Der Vermittler ist verpflichtet, den Kunden mindestens 21 Tage vor Beginn des Aufenthalts schriftlich \u00fcber die Preis\u00e4nderung zu informieren. Bei einer Preiserh\u00f6hung von mehr als 5 % kann der Kunde die Teilnahme am Aufenthalt ohne Stornogeb\u00fchren stornieren. Die Stornierung muss in schriftlicher Form erfolgen. Wenn der Kunde nicht innerhalb der in der Mitteilung \u00fcber die Preis\u00e4nderung angegebenen Frist vom Vertrag zur\u00fccktritt, ist er verpflichtet, die Preisdifferenz zu zahlen.    <\/li>\n<\/ol>\n\n<p>III. Zahlungsbedingungen <\/p>\n\n<ol class=\"wp-block-list\">\n<li>Der Kunde ist verpflichtet, den Preis f\u00fcr den Aufenthalt und alle zus\u00e4tzlichen Leistungen, einschlie\u00dflich der geltenden Mehrwertsteuer, innerhalb der im Vertrag vereinbarten Fristen und Betr\u00e4ge zu zahlen. 2. Die Zahlungen m\u00fcssen per Bank\u00fcberweisung oder Einzahlung auf das im Vertrag angegebene Bankkonto erfolgen. Als Datum der Zahlung gilt das Datum, an dem der Betrag auf dem Bankkonto des Vermittlers gutgeschrieben wird. 3. Ist der Kunde mit der Zahlung des Preises f\u00fcr den Aufenthalt und eventuelle Zusatzleistungen oder Teile davon in Verzug, ist der Vermittler berechtigt, vom Vertrag zur\u00fcckzutreten und Stornogeb\u00fchren gem\u00e4\u00df Artikel IV zu berechnen.   <\/li>\n<\/ol>\n\n<p>IV. Stornierungspolitik <\/p>\n\n<ol class=\"wp-block-list\">\n<li>Der Kunde ist berechtigt, den bestellten Aufenthalt und die Zusatzleistungen zu stornieren (vom Vertrag zur\u00fcckzutreten), indem er eine eingeschriebene Mitteilung schickt. In diesem Fall ist der Kunde verpflichtet, dem Vermittler eine Stornogeb\u00fchr (Vertragsstrafe) nach folgenden Regeln zu zahlen: a) 50 % des Aufenthaltspreises und 100 % des Preises der Zusatzleistungen &#8211; bei einer Stornierung mehr als 30 Tage vor Beginn des Aufenthalts b) 100 % des Aufenthaltspreises und 100 % des Preises der Zusatzleistungen &#8211; bei einer Stornierung 29 Tage oder weniger vor Beginn des Aufenthalts. 2. Der Aufenthalt gilt an dem Tag als storniert, an dem der Vermittler eine schriftliche Stornierungsmitteilung erh\u00e4lt. 3. Die Stornogeb\u00fchr ist vom Kunden auch dann zu zahlen, wenn er den Aufenthalt aus Gr\u00fcnden, die auf seiner Seite liegen, oder aufgrund falscher Angaben nicht antritt. 4. Der Anspruch des Kunden auf Zahlung der Stornogeb\u00fchr entsteht an dem Tag, an dem der Vertrag gem\u00e4\u00df diesem Artikel beendet wird. Die H\u00f6he der Stornogeb\u00fchr basiert auf den Preisen einschlie\u00dflich Mehrwertsteuer. Die H\u00f6he der Stornogeb\u00fchr, einschlie\u00dflich des vom bereits gezahlten Preis einbehaltenen Betrags, wird dem Kunden vom Vermittler unverz\u00fcglich nach Entstehen des Anspruchs auf Zahlung schriftlich mitgeteilt. Die Stornogeb\u00fchr ist innerhalb von 3 Tagen nach Erhalt der schriftlichen Mitteilung \u00fcber ihre H\u00f6he zu zahlen. Wenn der Kunde den Preis oder einen Teil davon bereits an den Vermittler gezahlt hat, ist der Kunde berechtigt, den entsprechenden Teil, der dem mitgeteilten Betrag der Stornierungsgeb\u00fchr entspricht, einzubehalten. Der verbleibende Teil der Stornierungsgeb\u00fchr wird vom Vermittler gem\u00e4\u00df den Bestimmungen von Absatz 4 dieses Artikels gezahlt. 6. Wenn der Kunde eine \u00c4nderung der Aufenthaltsbedingungen w\u00fcnscht und der Vermittler dieser \u00c4nderung zustimmt, ist der Vermittler berechtigt, dem Kunden alle mit dieser \u00c4nderung verbundenen Kosten in Rechnung zu stellen. Wenn der Kunde den Aufenthalt ohne Angabe von Gr\u00fcnden nicht antritt, hat er keinen Anspruch auf eine finanzielle Entsch\u00e4digung.               <\/li>\n<\/ol>\n\n<p>V. Rechte und Pflichten des Kunden<\/p>\n\n<ol class=\"wp-block-list\">\n<li>Der Kunde hat Anspruch auf die ordnungsgem\u00e4\u00dfe und rechtzeitige Durchf\u00fchrung des Studienaufenthalts bzw. auf die Erbringung oder Bereitstellung zus\u00e4tzlicher, im Vertrag festgelegter Leistungen durch den Vermittler.  2. Der Kunde ist verpflichtet, den Vertrag und den Wohnsitzfragebogen mit vollst\u00e4ndigen und wahrheitsgem\u00e4\u00dfen Angaben auszuf\u00fcllen. Der Vermittler haftet dem Kunden gegen\u00fcber nicht f\u00fcr Sch\u00e4den, die dadurch entstehen, dass der Kunde falsche Daten in den Vertrag oder den Wohnsitzfragebogen eingibt. <\/li>\n\n\n\n<li>Der Empf\u00e4nger ist verpflichtet, sich w\u00e4hrend des Aufenthalts so zu verhalten, dass er nicht gegen die Gesetze und Vorschriften des Landes verst\u00f6\u00dft, nicht gegen die Regeln des Studienprogramms verst\u00f6\u00dft und den Ruf des Facilitators nicht sch\u00e4digt. Bei Nichteinhaltung dieser Grunds\u00e4tze tr\u00e4gt der Kunde alle Konsequenzen, auch finanzieller Art. <\/li>\n<\/ol>\n\n<p>VI. Rechte und Pflichten des Intermedi\u00e4rs <\/p>\n\n<ol class=\"wp-block-list\">\n<li>Der Vermittler ist verpflichtet, den Aufenthalt f\u00fcr den Kunden wie im Vertrag festgelegt zu organisieren. 2. Der Vermittler ist verpflichtet, den Kunden auf seine Anfrage hin \u00fcber den Stand der Vermittlung des Aufenthalts innerhalb der Zeit zu informieren, die erforderlich ist, um die erforderlichen Daten zu beschaffen, sp\u00e4testens jedoch innerhalb von 48 Stunden. 3. Der Vermittler hat das Recht, den Aufenthalt zu stornieren, wenn die Teilnehmerzahl nicht ausreicht oder wenn au\u00dfergew\u00f6hnliche Umst\u00e4nde vorliegen. Im Falle einer Stornierung wird dem Kunden der volle Betrag der Zahlung zur\u00fcckerstattet. 4. Der Vermittler hat das Recht, das Abreise- und Ankunftsdatum des Aufenthalts innerhalb von 24 Stunden zu \u00e4ndern. Der Vermittler ist verpflichtet, den Kunden unverz\u00fcglich \u00fcber solche Umst\u00e4nde zu informieren.     <\/li>\n<\/ol>\n\n<p>VII. Reklamationen <\/p>\n\n<ol class=\"wp-block-list\">\n<li>Im Falle einer Vertragsverletzung durch den Vermittler hat der Kunde Anspruch auf Schadensersatz in H\u00f6he der notwendigerweise entstandenen Kosten. 2. Wenn der vermittelte Aufenthalt oder die Zusatzleistungen in Punkten, die nicht in diesen Allgemeinen Gesch\u00e4ftsbedingungen aufgef\u00fchrt sind, nicht dem Vertrag entsprechen, hat der Kunde das Recht auf Abhilfe und, falls dies nicht m\u00f6glich ist, auf einen angemessenen Preisnachlass, wenn er dieses Recht aus\u00fcbt, sobald die M\u00e4ngel entdeckt wurden. Bei Gruppenaufenthalten meldet der Teilnehmer die Beanstandung dem Vertreter des Vermittlers am Aufenthaltsort, mit dem zusammen ein schriftliches Protokoll erstellt wird. Die H\u00f6he des Preisnachlasses wird vom Facilitator festgelegt. 3. Wenn der Kunde w\u00e4hrend des Aufenthalts keine Beschwerden oder Reklamationen bez\u00fcglich des Aufenthalts oder der Zusatzleistungen vorbringt, wird davon ausgegangen, dass der Aufenthalt und die Zusatzleistungen dem Vertrag entsprechen. Reklamationen, die nach Beendigung des Aufenthalts vorgebracht werden, sind in diesem Fall unwirksam. 4. Nimmt der Kunde die vertraglich bestellten Leistungen aufgrund h\u00f6herer Gewalt oder aus einem von ihm zu vertretenden Grund nicht in Anspruch, hat er keinen Anspruch auf einen Nachlass auf den Aufenthaltspreis.      <\/li>\n<\/ol>\n\n<p>VIII. Versicherung <\/p>\n\n<ol class=\"wp-block-list\">\n<li>Der Vermittler bietet die Unionsversicherung als zus\u00e4tzlichen Service an und empfiehlt seinen Kunden den Abschluss einer umfassenden Reiseversicherung, die auch eine Reiser\u00fccktrittsversicherung bei Krankheit umfasst. Wenn der Kunde eine Unionsversicherung \u00fcber den Vermittler abschlie\u00dft, entsteht ein Rechtsverh\u00e4ltnis direkt zwischen <\/li>\n<\/ol>\n\n<p>Kunde und die Versicherungsgesellschaft Union. Im Falle eines Versicherungsanspruchs ist der Kunde stets verpflichtet, sich direkt an die Versicherungsgesellschaft zu wenden. <\/p>\n\n<p>IX. Andere Punkte <\/p>\n\n<ol class=\"wp-block-list\">\n<li>Der Vertrag kann nur durch schriftliche Vereinbarung der Parteien ge\u00e4ndert werden. 2. Er wird an die in diesen Bedingungen angegebene Adresse zugestellt, es sei denn, die Partei teilt der anderen Partei eine andere Adresse mit. Die Weigerung des Empf\u00e4ngers oder die Nichtannahme des Dokuments und seine R\u00fccksendung an den Absender gelten ebenfalls als Zustellung. Die Lieferung wird mit der R\u00fccksendung der Sendung wirksam. 3. Die Gastfamilie kann auch aus einer unabh\u00e4ngigen Person bestehen. (4) Die in den Werbematerialien des Vermittlers ver\u00f6ffentlichten Fotos dienen nur zur Illustration.     <\/li>\n<\/ol>\n","protected":false},"excerpt":{"rendered":"<p>Allgemeine Gesch\u00e4ftsbedingungen Ponte tour s.r.o. I. Einf\u00fchrung II. Preis des Aufenthalts III. Zahlungsbedingungen IV. Stornierungspolitik V. Rechte und Pflichten des Kunden VI. Rechte und Pflichten des Intermedi\u00e4rs VII. Reklamationen VIII. Versicherung Kunde und die Versicherungsgesellschaft Union. Im Falle eines Versicherungsanspruchs ist der Kunde stets verpflichtet, sich direkt an die Versicherungsgesellschaft zu wenden. IX. Andere Punkte<\/p>\n","protected":false},"author":1,"featured_media":0,"parent":0,"menu_order":0,"comment_status":"closed","ping_status":"closed","template":"","meta":{"_acf_changed":false,"footnotes":""},"class_list":["post-4287","page","type-page","status-publish","hentry"],"acf":[],"yoast_head":"<!-- This site is optimized with the Yoast SEO plugin v27.5 - https:\/\/yoast.com\/product\/yoast-seo-wordpress\/ -->\n<title>Bedingungen und Konditionen f\u00fcr Schulgruppen - Ponte tour<\/title>\n<meta name=\"robots\" content=\"noindex, nofollow\" \/>\n<meta property=\"og:locale\" content=\"de_DE\" \/>\n<meta property=\"og:type\" content=\"article\" \/>\n<meta property=\"og:title\" content=\"Bedingungen und Konditionen f\u00fcr Schulgruppen - Ponte tour\" \/>\n<meta property=\"og:description\" content=\"Allgemeine Gesch\u00e4ftsbedingungen Ponte tour s.r.o. I. Einf\u00fchrung II. Preis des Aufenthalts III. Zahlungsbedingungen IV. Stornierungspolitik V. Rechte und Pflichten des Kunden VI. Rechte und Pflichten des Intermedi\u00e4rs VII. Reklamationen VIII. Versicherung Kunde und die Versicherungsgesellschaft Union. Im Falle eines Versicherungsanspruchs ist der Kunde stets verpflichtet, sich direkt an die Versicherungsgesellschaft zu wenden. IX. Andere Punkte\" \/>\n<meta property=\"og:url\" content=\"https:\/\/www.pontetour.sk\/de\/bedingungen-und-konditionen-fuer-schulgruppen\/\" \/>\n<meta property=\"og:site_name\" content=\"Ponte tour\" \/>\n<meta property=\"article:publisher\" content=\"https:\/\/www.facebook.com\/pontetour\" \/>\n<meta property=\"article:modified_time\" content=\"2026-02-11T19:36:18+00:00\" \/>\n<meta property=\"og:image\" content=\"https:\/\/www.pontetour.sk\/wp-content\/uploads\/2023\/11\/Ponte_blank.jpg\" \/>\n\t<meta property=\"og:image:width\" content=\"1201\" \/>\n\t<meta property=\"og:image:height\" content=\"1033\" \/>\n\t<meta property=\"og:image:type\" content=\"image\/jpeg\" \/>\n<meta name=\"twitter:card\" content=\"summary_large_image\" \/>\n<script type=\"application\/ld+json\" class=\"yoast-schema-graph\">{\"@context\":\"https:\\\/\\\/schema.org\",\"@graph\":[{\"@type\":\"WebPage\",\"@id\":\"https:\\\/\\\/www.pontetour.sk\\\/de\\\/bedingungen-und-konditionen-fuer-schulgruppen\\\/\",\"url\":\"https:\\\/\\\/www.pontetour.sk\\\/de\\\/bedingungen-und-konditionen-fuer-schulgruppen\\\/\",\"name\":\"Bedingungen und Konditionen f\u00fcr Schulgruppen - Ponte tour\",\"isPartOf\":{\"@id\":\"https:\\\/\\\/www.pontetour.sk\\\/de\\\/#website\"},\"datePublished\":\"2023-11-23T18:55:36+00:00\",\"dateModified\":\"2026-02-11T19:36:18+00:00\",\"breadcrumb\":{\"@id\":\"https:\\\/\\\/www.pontetour.sk\\\/de\\\/bedingungen-und-konditionen-fuer-schulgruppen\\\/#breadcrumb\"},\"inLanguage\":\"de\",\"potentialAction\":[{\"@type\":\"ReadAction\",\"target\":[\"https:\\\/\\\/www.pontetour.sk\\\/de\\\/bedingungen-und-konditionen-fuer-schulgruppen\\\/\"]}]},{\"@type\":\"BreadcrumbList\",\"@id\":\"https:\\\/\\\/www.pontetour.sk\\\/de\\\/bedingungen-und-konditionen-fuer-schulgruppen\\\/#breadcrumb\",\"itemListElement\":[{\"@type\":\"ListItem\",\"position\":1,\"name\":\"Domovsk\u00e1 str\u00e1nka\",\"item\":\"https:\\\/\\\/www.pontetour.sk\\\/de\\\/\"},{\"@type\":\"ListItem\",\"position\":2,\"name\":\"Bedingungen und Konditionen f\u00fcr Schulgruppen\"}]},{\"@type\":\"WebSite\",\"@id\":\"https:\\\/\\\/www.pontetour.sk\\\/de\\\/#website\",\"url\":\"https:\\\/\\\/www.pontetour.sk\\\/de\\\/\",\"name\":\"Ponte tour\",\"description\":\"Pozn\u00e1vacie z\u00e1jazdy\",\"publisher\":{\"@id\":\"https:\\\/\\\/www.pontetour.sk\\\/de\\\/#organization\"},\"alternateName\":\"Pozn\u00e1vacie z\u00e1jazdy na mieru\",\"potentialAction\":[{\"@type\":\"SearchAction\",\"target\":{\"@type\":\"EntryPoint\",\"urlTemplate\":\"https:\\\/\\\/www.pontetour.sk\\\/de\\\/?s={search_term_string}\"},\"query-input\":{\"@type\":\"PropertyValueSpecification\",\"valueRequired\":true,\"valueName\":\"search_term_string\"}}],\"inLanguage\":\"de\"},{\"@type\":\"Organization\",\"@id\":\"https:\\\/\\\/www.pontetour.sk\\\/de\\\/#organization\",\"name\":\"Ponte tour\",\"alternateName\":\"Pozn\u00e1vacie z\u00e1jazdy na mieru\",\"url\":\"https:\\\/\\\/www.pontetour.sk\\\/de\\\/\",\"logo\":{\"@type\":\"ImageObject\",\"inLanguage\":\"de\",\"@id\":\"https:\\\/\\\/www.pontetour.sk\\\/de\\\/#\\\/schema\\\/logo\\\/image\\\/\",\"url\":\"https:\\\/\\\/www.pontetour.sk\\\/wp-content\\\/uploads\\\/2016\\\/05\\\/Nove-logo-ponte-3.jpg\",\"contentUrl\":\"https:\\\/\\\/www.pontetour.sk\\\/wp-content\\\/uploads\\\/2016\\\/05\\\/Nove-logo-ponte-3.jpg\",\"width\":466,\"height\":158,\"caption\":\"Ponte tour\"},\"image\":{\"@id\":\"https:\\\/\\\/www.pontetour.sk\\\/de\\\/#\\\/schema\\\/logo\\\/image\\\/\"},\"sameAs\":[\"https:\\\/\\\/www.facebook.com\\\/pontetour\"]}]}<\/script>\n<!-- \/ Yoast SEO plugin. -->","yoast_head_json":{"title":"Bedingungen und Konditionen f\u00fcr Schulgruppen - Ponte tour","robots":{"index":"noindex","follow":"nofollow"},"og_locale":"de_DE","og_type":"article","og_title":"Bedingungen und Konditionen f\u00fcr Schulgruppen - Ponte tour","og_description":"Allgemeine Gesch\u00e4ftsbedingungen Ponte tour s.r.o. I. Einf\u00fchrung II. Preis des Aufenthalts III. Zahlungsbedingungen IV. Stornierungspolitik V. Rechte und Pflichten des Kunden VI. Rechte und Pflichten des Intermedi\u00e4rs VII. Reklamationen VIII. Versicherung Kunde und die Versicherungsgesellschaft Union. Im Falle eines Versicherungsanspruchs ist der Kunde stets verpflichtet, sich direkt an die Versicherungsgesellschaft zu wenden. IX. Andere Punkte","og_url":"https:\/\/www.pontetour.sk\/de\/bedingungen-und-konditionen-fuer-schulgruppen\/","og_site_name":"Ponte tour","article_publisher":"https:\/\/www.facebook.com\/pontetour","article_modified_time":"2026-02-11T19:36:18+00:00","og_image":[{"width":1201,"height":1033,"url":"https:\/\/www.pontetour.sk\/wp-content\/uploads\/2023\/11\/Ponte_blank.jpg","type":"image\/jpeg"}],"twitter_card":"summary_large_image","schema":{"@context":"https:\/\/schema.org","@graph":[{"@type":"WebPage","@id":"https:\/\/www.pontetour.sk\/de\/bedingungen-und-konditionen-fuer-schulgruppen\/","url":"https:\/\/www.pontetour.sk\/de\/bedingungen-und-konditionen-fuer-schulgruppen\/","name":"Bedingungen und Konditionen f\u00fcr Schulgruppen - Ponte tour","isPartOf":{"@id":"https:\/\/www.pontetour.sk\/de\/#website"},"datePublished":"2023-11-23T18:55:36+00:00","dateModified":"2026-02-11T19:36:18+00:00","breadcrumb":{"@id":"https:\/\/www.pontetour.sk\/de\/bedingungen-und-konditionen-fuer-schulgruppen\/#breadcrumb"},"inLanguage":"de","potentialAction":[{"@type":"ReadAction","target":["https:\/\/www.pontetour.sk\/de\/bedingungen-und-konditionen-fuer-schulgruppen\/"]}]},{"@type":"BreadcrumbList","@id":"https:\/\/www.pontetour.sk\/de\/bedingungen-und-konditionen-fuer-schulgruppen\/#breadcrumb","itemListElement":[{"@type":"ListItem","position":1,"name":"Domovsk\u00e1 str\u00e1nka","item":"https:\/\/www.pontetour.sk\/de\/"},{"@type":"ListItem","position":2,"name":"Bedingungen und Konditionen f\u00fcr Schulgruppen"}]},{"@type":"WebSite","@id":"https:\/\/www.pontetour.sk\/de\/#website","url":"https:\/\/www.pontetour.sk\/de\/","name":"Ponte tour","description":"Pozn\u00e1vacie z\u00e1jazdy","publisher":{"@id":"https:\/\/www.pontetour.sk\/de\/#organization"},"alternateName":"Pozn\u00e1vacie z\u00e1jazdy na mieru","potentialAction":[{"@type":"SearchAction","target":{"@type":"EntryPoint","urlTemplate":"https:\/\/www.pontetour.sk\/de\/?s={search_term_string}"},"query-input":{"@type":"PropertyValueSpecification","valueRequired":true,"valueName":"search_term_string"}}],"inLanguage":"de"},{"@type":"Organization","@id":"https:\/\/www.pontetour.sk\/de\/#organization","name":"Ponte tour","alternateName":"Pozn\u00e1vacie z\u00e1jazdy na mieru","url":"https:\/\/www.pontetour.sk\/de\/","logo":{"@type":"ImageObject","inLanguage":"de","@id":"https:\/\/www.pontetour.sk\/de\/#\/schema\/logo\/image\/","url":"https:\/\/www.pontetour.sk\/wp-content\/uploads\/2016\/05\/Nove-logo-ponte-3.jpg","contentUrl":"https:\/\/www.pontetour.sk\/wp-content\/uploads\/2016\/05\/Nove-logo-ponte-3.jpg","width":466,"height":158,"caption":"Ponte tour"},"image":{"@id":"https:\/\/www.pontetour.sk\/de\/#\/schema\/logo\/image\/"},"sameAs":["https:\/\/www.facebook.com\/pontetour"]}]}},"_links":{"self":[{"href":"https:\/\/www.pontetour.sk\/de\/wp-json\/wp\/v2\/pages\/4287","targetHints":{"allow":["GET"]}}],"collection":[{"href":"https:\/\/www.pontetour.sk\/de\/wp-json\/wp\/v2\/pages"}],"about":[{"href":"https:\/\/www.pontetour.sk\/de\/wp-json\/wp\/v2\/types\/page"}],"author":[{"embeddable":true,"href":"https:\/\/www.pontetour.sk\/de\/wp-json\/wp\/v2\/users\/1"}],"replies":[{"embeddable":true,"href":"https:\/\/www.pontetour.sk\/de\/wp-json\/wp\/v2\/comments?post=4287"}],"version-history":[{"count":1,"href":"https:\/\/www.pontetour.sk\/de\/wp-json\/wp\/v2\/pages\/4287\/revisions"}],"predecessor-version":[{"id":4288,"href":"https:\/\/www.pontetour.sk\/de\/wp-json\/wp\/v2\/pages\/4287\/revisions\/4288"}],"wp:attachment":[{"href":"https:\/\/www.pontetour.sk\/de\/wp-json\/wp\/v2\/media?parent=4287"}],"curies":[{"name":"wp","href":"https:\/\/api.w.org\/{rel}","templated":true}]}}